{"id":184,"date":"2023-10-06T15:36:05","date_gmt":"2023-10-06T18:36:05","guid":{"rendered":"https:\/\/www.tvnetwork.com.br\/?page_id=184"},"modified":"2024-08-19T13:23:12","modified_gmt":"2024-08-19T16:23:12","slug":"sistema-faceroomtv","status":"publish","type":"page","link":"https:\/\/www.tvnetwork.com.br\/?page_id=184","title":{"rendered":"Sistema FaceroomTV:"},"content":{"rendered":"\n<figure class=\"wp-block-image size-large\"><img loading=\"lazy\" decoding=\"async\" width=\"1024\" height=\"585\" src=\"https:\/\/www.tvnetwork.com.br\/wp-content\/uploads\/2024\/08\/Faceroomtv-1024x585.webp\" alt=\"\" class=\"wp-image-341\" srcset=\"https:\/\/www.tvnetwork.com.br\/wp-content\/uploads\/2024\/08\/Faceroomtv-1024x585.webp 1024w, https:\/\/www.tvnetwork.com.br\/wp-content\/uploads\/2024\/08\/Faceroomtv-300x171.webp 300w, https:\/\/www.tvnetwork.com.br\/wp-content\/uploads\/2024\/08\/Faceroomtv-768x439.webp 768w, https:\/\/www.tvnetwork.com.br\/wp-content\/uploads\/2024\/08\/Faceroomtv-1536x878.webp 1536w, https:\/\/www.tvnetwork.com.br\/wp-content\/uploads\/2024\/08\/Faceroomtv.webp 1792w\" sizes=\"auto, (max-width: 1024px) 100vw, 1024px\" \/><\/figure>\n\n\n\n<hr class=\"wp-block-separator has-alpha-channel-opacity is-style-default\"\/>\n\n\n\n<p class=\"has-text-align-center\"><strong>Transforme suas TV\u00b4s em poderosas ferramentas de engajamento com o FaceroomTV \u2013 Comunica\u00e7\u00e3o digital ao seu alcance.<\/strong><\/p>\n\n\n\n<hr class=\"wp-block-separator has-alpha-channel-opacity\"\/>\n\n\n\n<figure class=\"wp-block-video\"><video height=\"1080\" style=\"aspect-ratio: 1080 \/ 1080;\" width=\"1080\" controls src=\"https:\/\/www.tvnetwork.com.br\/wp-content\/uploads\/2024\/08\/Faceroomtv-2.mp4\"><\/video><\/figure>\n\n\n\n<hr class=\"wp-block-separator has-alpha-channel-opacity\"\/>\n\n\n\n<hr class=\"wp-block-separator has-alpha-channel-opacity\"\/>\n\n\n\n<p><strong><em> FaceroomTV<\/em><\/strong>: Gest\u00e3o Inteligente de Conte\u00fado em TV&#8217;s de Recep\u00e7\u00f5es, Sal\u00f5es, Salas de Espera.<\/p>\n\n\n\n<p><\/p>\n\n\n\n<p><strong><em> FaceroomTV <\/em><\/strong>\u00e9 a nossa ferramenta exclusiva de gerenciamento de conte\u00fado.<\/p>\n\n\n\n<p> Ela faz a programa\u00e7\u00e3o, gerenciamento e mesclagem dos seus v\u00eddeos institucionais e promocionais de acordo com a sua estrat\u00e9gia e conveni\u00eancia comercial.<\/p>\n\n\n\n<p><em>Como Funciona:<\/em><\/p>\n\n\n\n<ul class=\"wp-block-list\">\n<li><strong>Programa\u00e7\u00e3o Inteligente:<\/strong> Configuramos a programa\u00e7\u00e3o para exibir o conte\u00fado certo no momento certo.<\/li>\n\n\n\n<li><strong>Gest\u00e3o Simples:<\/strong> Facilitamos o gerenciamento de suas postagens, mantendo o p\u00fablico envolvido.<\/li>\n\n\n\n<li><strong>Conte\u00fado Estrat\u00e9gico:<\/strong> Garantimos que seus v\u00eddeos institucionais e promocionais sejam exibidos no momento ideal.<\/li>\n<\/ul>\n\n\n\n<p>Descubra como o <strong><em>FaceroomTV<\/em><\/strong> pode melhorar a experi\u00eancia em seu estabelecimento. <\/p>\n\n\n\n<p>Nosso sistema exclusivo gerencia e mescla conte\u00fado de v\u00eddeo de acordo com sua estrat\u00e9gia, durante a programa\u00e7\u00e3o ao vivo da emissora de sua prefer\u00eancia.<\/p>\n\n\n\n<p><strong>Recursos Destacados:<\/strong><\/p>\n\n\n\n<ol class=\"wp-block-list\">\n<li><strong>Programa\u00e7\u00e3o de V\u00eddeos:<\/strong> A exibi\u00e7\u00e3o de conte\u00fado \u00e9 cuidadosamente planejada.<\/li>\n\n\n\n<li><strong>Gerenciamento Inteligente:<\/strong> V\u00eddeos institucionais e promocionais s\u00e3o exibidos de acordo com sua estrat\u00e9gia.<\/li>\n\n\n\n<li><strong>Mesclagem de Conte\u00fado:<\/strong> Garanta que seus visitantes recebam a informa\u00e7\u00e3o certa no momento certo.<\/li>\n<\/ol>\n\n\n\n<p><strong>Benef\u00edcios:<\/strong><\/p>\n\n\n\n<ul class=\"wp-block-list\">\n<li>Sal\u00f5es, salas de espera e recep\u00e7\u00f5es mais atraente e informativas.<\/li>\n\n\n\n<li>Maior engajamento dos visitantes.<\/li>\n\n\n\n<li>Conte\u00fado relevante para diferentes p\u00fablicos.<\/li>\n<\/ul>\n\n\n\n<hr class=\"wp-block-separator has-alpha-channel-opacity\"\/>\n\n\n\n<div id=\"wp-block-themeisle-blocks-button-group-aba9e6e2\" class=\"wp-block-themeisle-blocks-button-group wp-block-buttons align-center-desktop\">\n<div id=\"wp-block-themeisle-blocks-button-e667f5f3\" class=\"wp-block-themeisle-blocks-button wp-block-button\"><a href=\"https:\/\/www.faceroomtv.com.br\/\" target=\"_self\" rel=\"noopener noreferrer\" class=\"wp-block-button__link\"><span><strong><em>Visite o site FACEROOMTV e saiba mais:<\/em><\/strong><\/span><\/a><\/div>\n<\/div>\n\n\n\n<hr class=\"wp-block-separator has-alpha-channel-opacity\"\/>\n","protected":false},"excerpt":{"rendered":"<p>Transforme suas TV\u00b4s em poderosas ferramentas de engajamento com o FaceroomTV \u2013 Comunica\u00e7\u00e3o digital ao seu alcance. FaceroomTV: Gest\u00e3o Inteligente de Conte\u00fado em TV&#8217;s de Recep\u00e7\u00f5es, Sal\u00f5es, Salas de Espera. FaceroomTV \u00e9 a nossa ferramenta exclusiva de gerenciamento de conte\u00fado. Ela faz a programa\u00e7\u00e3o, gerenciamento e mesclagem dos seus v\u00eddeos [&hellip;]<\/p>\n","protected":false},"author":1,"featured_media":0,"parent":0,"menu_order":0,"comment_status":"closed","ping_status":"closed","template":"","meta":{"_themeisle_gutenberg_block_has_review":false,"_joinchat":[],"footnotes":""},"class_list":["post-184","page","type-page","status-publish","hentry"],"featured_image_src":null,"yoast_head":"<!-- This site is optimized with the Yoast SEO plugin v27.4 - https:\/\/yoast.com\/product\/yoast-seo-wordpress\/ -->\n<title>Sistema FaceroomTV: - TvNetwork Mkt Digital<\/title>\n<meta name=\"robots\" content=\"index, follow, max-snippet:-1, max-image-preview:large, max-video-preview:-1\" \/>\n<link rel=\"canonical\" href=\"https:\/\/www.tvnetwork.com.br\/?page_id=184\" \/>\n<meta property=\"og:locale\" content=\"pt_BR\" \/>\n<meta property=\"og:type\" content=\"article\" \/>\n<meta property=\"og:title\" content=\"Sistema FaceroomTV: - TvNetwork Mkt Digital\" \/>\n<meta property=\"og:description\" content=\"Transforme suas TV\u00b4s em poderosas ferramentas de engajamento com o FaceroomTV \u2013 Comunica\u00e7\u00e3o digital ao seu alcance. FaceroomTV: Gest\u00e3o Inteligente de Conte\u00fado em TV&#8217;s de Recep\u00e7\u00f5es, Sal\u00f5es, Salas de Espera. FaceroomTV \u00e9 a nossa ferramenta exclusiva de gerenciamento de conte\u00fado. Ela faz a programa\u00e7\u00e3o, gerenciamento e mesclagem dos seus v\u00eddeos [&hellip;]\" \/>\n<meta property=\"og:url\" content=\"https:\/\/www.tvnetwork.com.br\/?page_id=184\" \/>\n<meta property=\"og:site_name\" content=\"TvNetwork Mkt Digital\" \/>\n<meta property=\"article:publisher\" content=\"https:\/\/www.facebook.com\/tvnetworkproducoes\/\" \/>\n<meta property=\"article:modified_time\" content=\"2024-08-19T16:23:12+00:00\" \/>\n<meta property=\"og:image\" content=\"https:\/\/www.tvnetwork.com.br\/wp-content\/uploads\/2024\/08\/Faceroomtv-1024x585.webp\" \/>\n<meta name=\"twitter:card\" content=\"summary_large_image\" \/>\n<meta name=\"twitter:label1\" content=\"Est. tempo de leitura\" \/>\n\t<meta name=\"twitter:data1\" content=\"2 minutos\" \/>\n<script type=\"application\/ld+json\" class=\"yoast-schema-graph\">{\"@context\":\"https:\\\/\\\/schema.org\",\"@graph\":[{\"@type\":\"WebPage\",\"@id\":\"https:\\\/\\\/www.tvnetwork.com.br\\\/?page_id=184\",\"url\":\"https:\\\/\\\/www.tvnetwork.com.br\\\/?page_id=184\",\"name\":\"Sistema FaceroomTV: - TvNetwork Mkt Digital\",\"isPartOf\":{\"@id\":\"https:\\\/\\\/www.tvnetwork.com.br\\\/#website\"},\"primaryImageOfPage\":{\"@id\":\"https:\\\/\\\/www.tvnetwork.com.br\\\/?page_id=184#primaryimage\"},\"image\":{\"@id\":\"https:\\\/\\\/www.tvnetwork.com.br\\\/?page_id=184#primaryimage\"},\"thumbnailUrl\":\"https:\\\/\\\/www.tvnetwork.com.br\\\/wp-content\\\/uploads\\\/2024\\\/08\\\/Faceroomtv-1024x585.webp\",\"datePublished\":\"2023-10-06T18:36:05+00:00\",\"dateModified\":\"2024-08-19T16:23:12+00:00\",\"breadcrumb\":{\"@id\":\"https:\\\/\\\/www.tvnetwork.com.br\\\/?page_id=184#breadcrumb\"},\"inLanguage\":\"pt-BR\",\"potentialAction\":[{\"@type\":\"ReadAction\",\"target\":[\"https:\\\/\\\/www.tvnetwork.com.br\\\/?page_id=184\"]}]},{\"@type\":\"ImageObject\",\"inLanguage\":\"pt-BR\",\"@id\":\"https:\\\/\\\/www.tvnetwork.com.br\\\/?page_id=184#primaryimage\",\"url\":\"https:\\\/\\\/www.tvnetwork.com.br\\\/wp-content\\\/uploads\\\/2024\\\/08\\\/Faceroomtv.webp\",\"contentUrl\":\"https:\\\/\\\/www.tvnetwork.com.br\\\/wp-content\\\/uploads\\\/2024\\\/08\\\/Faceroomtv.webp\",\"width\":1792,\"height\":1024},{\"@type\":\"BreadcrumbList\",\"@id\":\"https:\\\/\\\/www.tvnetwork.com.br\\\/?page_id=184#breadcrumb\",\"itemListElement\":[{\"@type\":\"ListItem\",\"position\":1,\"name\":\"In\u00edcio\",\"item\":\"https:\\\/\\\/www.tvnetwork.com.br\\\/\"},{\"@type\":\"ListItem\",\"position\":2,\"name\":\"Sistema FaceroomTV:\"}]},{\"@type\":\"WebSite\",\"@id\":\"https:\\\/\\\/www.tvnetwork.com.br\\\/#website\",\"url\":\"https:\\\/\\\/www.tvnetwork.com.br\\\/\",\"name\":\"Tvnetwork Produ\u00e7\u00f5es\",\"description\":\"Mkt e conte\u00fado t\u00e9cnico para Ind\u00fastria, com\u00e9rcio e servi\u00e7os.\",\"publisher\":{\"@id\":\"https:\\\/\\\/www.tvnetwork.com.br\\\/#organization\"},\"potentialAction\":[{\"@type\":\"SearchAction\",\"target\":{\"@type\":\"EntryPoint\",\"urlTemplate\":\"https:\\\/\\\/www.tvnetwork.com.br\\\/?s={search_term_string}\"},\"query-input\":{\"@type\":\"PropertyValueSpecification\",\"valueRequired\":true,\"valueName\":\"search_term_string\"}}],\"inLanguage\":\"pt-BR\"},{\"@type\":\"Organization\",\"@id\":\"https:\\\/\\\/www.tvnetwork.com.br\\\/#organization\",\"name\":\"TvNetwork Produ\u00e7\u00f5es\",\"url\":\"https:\\\/\\\/www.tvnetwork.com.br\\\/\",\"logo\":{\"@type\":\"ImageObject\",\"inLanguage\":\"pt-BR\",\"@id\":\"https:\\\/\\\/www.tvnetwork.com.br\\\/#\\\/schema\\\/logo\\\/image\\\/\",\"url\":\"https:\\\/\\\/www.tvnetwork.com.br\\\/wp-content\\\/uploads\\\/2023\\\/10\\\/tvnetwork1.png\",\"contentUrl\":\"https:\\\/\\\/www.tvnetwork.com.br\\\/wp-content\\\/uploads\\\/2023\\\/10\\\/tvnetwork1.png\",\"width\":234,\"height\":114,\"caption\":\"TvNetwork Produ\u00e7\u00f5es\"},\"image\":{\"@id\":\"https:\\\/\\\/www.tvnetwork.com.br\\\/#\\\/schema\\\/logo\\\/image\\\/\"},\"sameAs\":[\"https:\\\/\\\/www.facebook.com\\\/tvnetworkproducoes\\\/\",\"https:\\\/\\\/www.youtube.com\\\/channel\\\/UCS6dWPkY1E_jMr794yGc5cg?view_as=subscriber\"]}]}<\/script>\n<!-- \/ Yoast SEO plugin. -->","yoast_head_json":{"title":"Sistema FaceroomTV: - TvNetwork Mkt Digital","robots":{"index":"index","follow":"follow","max-snippet":"max-snippet:-1","max-image-preview":"max-image-preview:large","max-video-preview":"max-video-preview:-1"},"canonical":"https:\/\/www.tvnetwork.com.br\/?page_id=184","og_locale":"pt_BR","og_type":"article","og_title":"Sistema FaceroomTV: - TvNetwork Mkt Digital","og_description":"Transforme suas TV\u00b4s em poderosas ferramentas de engajamento com o FaceroomTV \u2013 Comunica\u00e7\u00e3o digital ao seu alcance. FaceroomTV: Gest\u00e3o Inteligente de Conte\u00fado em TV&#8217;s de Recep\u00e7\u00f5es, Sal\u00f5es, Salas de Espera. FaceroomTV \u00e9 a nossa ferramenta exclusiva de gerenciamento de conte\u00fado. Ela faz a programa\u00e7\u00e3o, gerenciamento e mesclagem dos seus v\u00eddeos [&hellip;]","og_url":"https:\/\/www.tvnetwork.com.br\/?page_id=184","og_site_name":"TvNetwork Mkt Digital","article_publisher":"https:\/\/www.facebook.com\/tvnetworkproducoes\/","article_modified_time":"2024-08-19T16:23:12+00:00","og_image":[{"url":"https:\/\/www.tvnetwork.com.br\/wp-content\/uploads\/2024\/08\/Faceroomtv-1024x585.webp","type":"","width":"","height":""}],"twitter_card":"summary_large_image","twitter_misc":{"Est. tempo de leitura":"2 minutos"},"schema":{"@context":"https:\/\/schema.org","@graph":[{"@type":"WebPage","@id":"https:\/\/www.tvnetwork.com.br\/?page_id=184","url":"https:\/\/www.tvnetwork.com.br\/?page_id=184","name":"Sistema FaceroomTV: - TvNetwork Mkt Digital","isPartOf":{"@id":"https:\/\/www.tvnetwork.com.br\/#website"},"primaryImageOfPage":{"@id":"https:\/\/www.tvnetwork.com.br\/?page_id=184#primaryimage"},"image":{"@id":"https:\/\/www.tvnetwork.com.br\/?page_id=184#primaryimage"},"thumbnailUrl":"https:\/\/www.tvnetwork.com.br\/wp-content\/uploads\/2024\/08\/Faceroomtv-1024x585.webp","datePublished":"2023-10-06T18:36:05+00:00","dateModified":"2024-08-19T16:23:12+00:00","breadcrumb":{"@id":"https:\/\/www.tvnetwork.com.br\/?page_id=184#breadcrumb"},"inLanguage":"pt-BR","potentialAction":[{"@type":"ReadAction","target":["https:\/\/www.tvnetwork.com.br\/?page_id=184"]}]},{"@type":"ImageObject","inLanguage":"pt-BR","@id":"https:\/\/www.tvnetwork.com.br\/?page_id=184#primaryimage","url":"https:\/\/www.tvnetwork.com.br\/wp-content\/uploads\/2024\/08\/Faceroomtv.webp","contentUrl":"https:\/\/www.tvnetwork.com.br\/wp-content\/uploads\/2024\/08\/Faceroomtv.webp","width":1792,"height":1024},{"@type":"BreadcrumbList","@id":"https:\/\/www.tvnetwork.com.br\/?page_id=184#breadcrumb","itemListElement":[{"@type":"ListItem","position":1,"name":"In\u00edcio","item":"https:\/\/www.tvnetwork.com.br\/"},{"@type":"ListItem","position":2,"name":"Sistema FaceroomTV:"}]},{"@type":"WebSite","@id":"https:\/\/www.tvnetwork.com.br\/#website","url":"https:\/\/www.tvnetwork.com.br\/","name":"Tvnetwork Produ\u00e7\u00f5es","description":"Mkt e conte\u00fado t\u00e9cnico para Ind\u00fastria, com\u00e9rcio e servi\u00e7os.","publisher":{"@id":"https:\/\/www.tvnetwork.com.br\/#organization"},"potentialAction":[{"@type":"SearchAction","target":{"@type":"EntryPoint","urlTemplate":"https:\/\/www.tvnetwork.com.br\/?s={search_term_string}"},"query-input":{"@type":"PropertyValueSpecification","valueRequired":true,"valueName":"search_term_string"}}],"inLanguage":"pt-BR"},{"@type":"Organization","@id":"https:\/\/www.tvnetwork.com.br\/#organization","name":"TvNetwork Produ\u00e7\u00f5es","url":"https:\/\/www.tvnetwork.com.br\/","logo":{"@type":"ImageObject","inLanguage":"pt-BR","@id":"https:\/\/www.tvnetwork.com.br\/#\/schema\/logo\/image\/","url":"https:\/\/www.tvnetwork.com.br\/wp-content\/uploads\/2023\/10\/tvnetwork1.png","contentUrl":"https:\/\/www.tvnetwork.com.br\/wp-content\/uploads\/2023\/10\/tvnetwork1.png","width":234,"height":114,"caption":"TvNetwork Produ\u00e7\u00f5es"},"image":{"@id":"https:\/\/www.tvnetwork.com.br\/#\/schema\/logo\/image\/"},"sameAs":["https:\/\/www.facebook.com\/tvnetworkproducoes\/","https:\/\/www.youtube.com\/channel\/UCS6dWPkY1E_jMr794yGc5cg?view_as=subscriber"]}]}},"_links":{"self":[{"href":"https:\/\/www.tvnetwork.com.br\/index.php?rest_route=\/wp\/v2\/pages\/184","targetHints":{"allow":["GET"]}}],"collection":[{"href":"https:\/\/www.tvnetwork.com.br\/index.php?rest_route=\/wp\/v2\/pages"}],"about":[{"href":"https:\/\/www.tvnetwork.com.br\/index.php?rest_route=\/wp\/v2\/types\/page"}],"author":[{"embeddable":true,"href":"https:\/\/www.tvnetwork.com.br\/index.php?rest_route=\/wp\/v2\/users\/1"}],"replies":[{"embeddable":true,"href":"https:\/\/www.tvnetwork.com.br\/index.php?rest_route=%2Fwp%2Fv2%2Fcomments&post=184"}],"version-history":[{"count":9,"href":"https:\/\/www.tvnetwork.com.br\/index.php?rest_route=\/wp\/v2\/pages\/184\/revisions"}],"predecessor-version":[{"id":343,"href":"https:\/\/www.tvnetwork.com.br\/index.php?rest_route=\/wp\/v2\/pages\/184\/revisions\/343"}],"wp:attachment":[{"href":"https:\/\/www.tvnetwork.com.br\/index.php?rest_route=%2Fwp%2Fv2%2Fmedia&parent=184"}],"curies":[{"name":"wp","href":"https:\/\/api.w.org\/{rel}","templated":true}]}}