{"id":238,"date":"2023-10-06T19:13:12","date_gmt":"2023-10-06T22:13:12","guid":{"rendered":"https:\/\/www.tvnetwork.com.br\/?page_id=238"},"modified":"2024-08-18T18:48:08","modified_gmt":"2024-08-18T21:48:08","slug":"nossos-planos","status":"publish","type":"page","link":"https:\/\/www.tvnetwork.com.br\/?page_id=238","title":{"rendered":"Nossos Planos"},"content":{"rendered":"\n<hr class=\"wp-block-separator has-alpha-channel-opacity\"\/>\n\n\n<div class=\"wp-block-image\">\n<figure class=\"aligncenter size-full is-resized\"><img loading=\"lazy\" decoding=\"async\" width=\"1792\" height=\"1024\" src=\"https:\/\/www.tvnetwork.com.br\/wp-content\/uploads\/2024\/08\/logos-redes-sociais.webp\" alt=\"\" class=\"wp-image-331\" style=\"aspect-ratio:2.0526315789473686;width:913px;height:auto\" srcset=\"https:\/\/www.tvnetwork.com.br\/wp-content\/uploads\/2024\/08\/logos-redes-sociais.webp 1792w, https:\/\/www.tvnetwork.com.br\/wp-content\/uploads\/2024\/08\/logos-redes-sociais-300x171.webp 300w, https:\/\/www.tvnetwork.com.br\/wp-content\/uploads\/2024\/08\/logos-redes-sociais-1024x585.webp 1024w, https:\/\/www.tvnetwork.com.br\/wp-content\/uploads\/2024\/08\/logos-redes-sociais-768x439.webp 768w, https:\/\/www.tvnetwork.com.br\/wp-content\/uploads\/2024\/08\/logos-redes-sociais-1536x878.webp 1536w\" sizes=\"auto, (max-width: 1792px) 100vw, 1792px\" \/><\/figure>\n<\/div>\n\n\n<hr class=\"wp-block-separator has-alpha-channel-opacity\"\/>\n\n\n\n<hr class=\"wp-block-separator has-alpha-channel-opacity\"\/>\n\n\n\n<p><\/p>\n\n\n\n<p><strong>Plano B\u00e1sico \u2013 Presen\u00e7a Digital (Campanhas de 4 semanas):<\/strong><\/p>\n\n\n\n<p>Com o Plano B\u00e1sico da <strong><em>TvNetwork MKT Digital<\/em><\/strong>, cuidaremos da sua comunica\u00e7\u00e3o e divulga\u00e7\u00e3o durante o per\u00edodo da campanha.<\/p>\n\n\n\n<p>Produziremos todo o conte\u00fado necess\u00e1rio, desde v\u00eddeos a postagens em redes sociais, garantindo que sua presen\u00e7a se destaque. Ideal para quem busca resultados s\u00f3lidos com um investimento acess\u00edvel.<\/p>\n\n\n\n<p><strong>Inclui:<\/strong><\/p>\n\n\n\n<p><strong>Produ\u00e7\u00e3o de Conte\u00fado B\u00e1sico:<\/strong> Textos promocionais, informativos e mat\u00e9rias jornal\u00edsticas para os Posts.<\/p>\n\n\n\n<p><br><strong>Gest\u00e3o de Redes Sociais: <\/strong>Compartilhamos regularmente nas redes sociais do cliente.<\/p>\n\n\n\n<p><br><strong>Relat\u00f3rios B\u00e1sicos: <\/strong>Fornecemos an\u00e1lises de desempenho b\u00e1sicas.<\/p>\n\n\n\n<p><br><strong>Volume de An\u00fancios:<\/strong> 4 An\u00fancios Quadrados Diferentes e Suas Vers\u00f5es Verticais<\/p>\n\n\n\n<p><br><strong>Total de Publica\u00e7\u00f5es Mensais:<\/strong> 32 (2 An\u00fancios por Dia, 2 Dias por Semana)<\/p>\n\n\n\n<p><strong>Plano M\u00e9dio \u2013 Plano Intermedi\u00e1rio (Campanhas de 4 semanas):<\/strong><\/p>\n\n\n\n<p>D\u00ea um passo al\u00e9m com o Plano M\u00e9dio da <strong><em><strong><em>TVNetwork MKT Digital<\/em><\/strong>.<\/em><\/strong> <\/p>\n\n\n\n<p>Al\u00e9m de produzir todo o conte\u00fado, criaremos estrat\u00e9gias de comunica\u00e7\u00e3o espec\u00edficas para o seu evento.<\/p>\n\n\n\n<p>Nossa equipe se concentrar\u00e1 em maximizar o impacto da sua participa\u00e7\u00e3o, gerando leads e visibilidade. Se voc\u00ea deseja resultados mais expressivos, este \u00e9 o plano para voc\u00ea.<\/p>\n\n\n\n<p><strong>Inclui:<\/strong><\/p>\n\n\n\n<p><br>Tudo do Plano B\u00e1sico, Mais:<\/p>\n\n\n\n<p><br><strong>V\u00eddeos Promocionais:<\/strong> Produzimos v\u00eddeos institucionais e promocionais para postagens.<\/p>\n\n\n\n<p><br><strong>Tr\u00e1fego Org\u00e2nico: <\/strong>Implementamos estrat\u00e9gias de SEO para melhorar a visibilidade do Post.<\/p>\n\n\n\n<p><br><strong>Relat\u00f3rios Avan\u00e7ados:<\/strong> Fornecemos an\u00e1lises de desempenho detalhadas, incluindo m\u00e9tricas de tr\u00e1fego e engajamento.<\/p>\n\n\n\n<p><br><strong>Volume de An\u00fancios:<\/strong> 4 V\u00eddeos Quadrados Simples e Suas Vers\u00f5es Verticais (Postados Uma Vez por Semana)<\/p>\n\n\n\n<p><br><strong>Total de Publica\u00e7\u00f5es Mensais: <\/strong>16<\/p>\n\n\n\n<p><strong>Plano Avan\u00e7ado \u2013 Conte\u00fado Premium (Campanhas de 4 semanas):<\/strong><\/p>\n\n\n\n<p>O Plano Avan\u00e7ado \u00e9 a escolha para quem busca um impacto impressionante. <\/p>\n\n\n\n<p>Vamos al\u00e9m da produ\u00e7\u00e3o de conte\u00fado e da gest\u00e3o de redes sociais. <\/p>\n\n\n\n<p>Desenvolveremos campanhas publicit\u00e1rias estrat\u00e9gicas para impulsionar sua presen\u00e7a, combinadas com uma gest\u00e3o completa de tr\u00e1fego pago. Se voc\u00ea quer se destacar e alcan\u00e7ar o m\u00e1ximo de resultados, este \u00e9 o plano ideal.<\/p>\n\n\n\n<p><strong>Inclui:<\/strong><\/p>\n\n\n\n<p>Tudo do Plano Intermedi\u00e1rio, Mais:<\/p>\n\n\n\n<p><strong>Tr\u00e1fego Pago:<\/strong> Gerenciamos campanhas de publicidade paga nas redes sociais e mecanismos de busca.<br><strong>Relat\u00f3rios Personalizados: <\/strong>Fornecemos relat\u00f3rios personalizados com insights e recomenda\u00e7\u00f5es.<\/p>\n\n\n\n<p><strong>1 V\u00eddeo Elaborado (Com Locu\u00e7\u00e3o e Avatar)<br>1 An\u00fancio Gr\u00e1fico com V\u00eddeo e Sua Vers\u00e3o Vertical<\/strong><\/p>\n\n\n\n<p><strong>Gest\u00e3o de Tr\u00e1fego Pago para At\u00e9 Dois Perfis<\/strong><\/p>\n\n\n\n<p><br><strong>Volume de An\u00fancios: <\/strong>3 An\u00fancios Diferentes<\/p>\n\n\n\n<p><br><strong>Total de Publica\u00e7\u00f5es Mensais:<\/strong> 12<\/p>\n\n\n\n<p><br>Fazemos or\u00e7amentos personalizados de acordo com as necessidades de cada cliente.<\/p>\n\n\n\n<p>A diferen\u00e7a entre esses planos est\u00e1 no volume e na complexidade do conte\u00fado produzido, incluindo a quantidade de material produzido e o n\u00famero de publica\u00e7\u00f5es mensais.<\/p>\n\n\n\n<p>O <strong><em>Plano B\u00e1sico <\/em><\/strong>oferece uma presen\u00e7a digital s\u00f3lida, enquanto o <strong><em>Plano Avan\u00e7ado <\/em><\/strong>fornece um pacote completo com conte\u00fado premium e estrat\u00e9gias de tr\u00e1fego pago.<\/p>\n\n\n\n<hr class=\"wp-block-separator has-alpha-channel-opacity\"\/>\n","protected":false},"excerpt":{"rendered":"<p>Plano B\u00e1sico \u2013 Presen\u00e7a Digital (Campanhas de 4 semanas): Com o Plano B\u00e1sico da TvNetwork MKT Digital, cuidaremos da sua comunica\u00e7\u00e3o e divulga\u00e7\u00e3o durante o per\u00edodo da campanha. Produziremos todo o conte\u00fado necess\u00e1rio, desde v\u00eddeos a postagens em redes sociais, garantindo que sua presen\u00e7a se destaque. Ideal para quem busca [&hellip;]<\/p>\n","protected":false},"author":1,"featured_media":0,"parent":0,"menu_order":0,"comment_status":"closed","ping_status":"closed","template":"","meta":{"_themeisle_gutenberg_block_has_review":false,"_joinchat":[],"footnotes":""},"class_list":["post-238","page","type-page","status-publish","hentry"],"featured_image_src":null,"yoast_head":"<!-- This site is optimized with the Yoast SEO plugin v27.5 - https:\/\/yoast.com\/product\/yoast-seo-wordpress\/ -->\n<title>Nossos Planos - TvNetwork Mkt Digital<\/title>\n<meta name=\"robots\" content=\"index, follow, max-snippet:-1, max-image-preview:large, max-video-preview:-1\" \/>\n<link rel=\"canonical\" href=\"https:\/\/www.tvnetwork.com.br\/?page_id=238\" \/>\n<meta property=\"og:locale\" content=\"pt_BR\" \/>\n<meta property=\"og:type\" content=\"article\" \/>\n<meta property=\"og:title\" content=\"Nossos Planos - TvNetwork Mkt Digital\" \/>\n<meta property=\"og:description\" content=\"Plano B\u00e1sico \u2013 Presen\u00e7a Digital (Campanhas de 4 semanas): Com o Plano B\u00e1sico da TvNetwork MKT Digital, cuidaremos da sua comunica\u00e7\u00e3o e divulga\u00e7\u00e3o durante o per\u00edodo da campanha. Produziremos todo o conte\u00fado necess\u00e1rio, desde v\u00eddeos a postagens em redes sociais, garantindo que sua presen\u00e7a se destaque. Ideal para quem busca [&hellip;]\" \/>\n<meta property=\"og:url\" content=\"https:\/\/www.tvnetwork.com.br\/?page_id=238\" \/>\n<meta property=\"og:site_name\" content=\"TvNetwork Mkt Digital\" \/>\n<meta property=\"article:publisher\" content=\"https:\/\/www.facebook.com\/tvnetworkproducoes\/\" \/>\n<meta property=\"article:modified_time\" content=\"2024-08-18T21:48:08+00:00\" \/>\n<meta property=\"og:image\" content=\"https:\/\/www.tvnetwork.com.br\/wp-content\/uploads\/2024\/08\/logos-redes-sociais.webp\" \/>\n<meta name=\"twitter:card\" content=\"summary_large_image\" \/>\n<meta name=\"twitter:label1\" content=\"Est. tempo de leitura\" \/>\n\t<meta name=\"twitter:data1\" content=\"3 minutos\" \/>\n<script type=\"application\/ld+json\" class=\"yoast-schema-graph\">{\"@context\":\"https:\\\/\\\/schema.org\",\"@graph\":[{\"@type\":\"WebPage\",\"@id\":\"https:\\\/\\\/www.tvnetwork.com.br\\\/?page_id=238\",\"url\":\"https:\\\/\\\/www.tvnetwork.com.br\\\/?page_id=238\",\"name\":\"Nossos Planos - TvNetwork Mkt Digital\",\"isPartOf\":{\"@id\":\"https:\\\/\\\/www.tvnetwork.com.br\\\/#website\"},\"primaryImageOfPage\":{\"@id\":\"https:\\\/\\\/www.tvnetwork.com.br\\\/?page_id=238#primaryimage\"},\"image\":{\"@id\":\"https:\\\/\\\/www.tvnetwork.com.br\\\/?page_id=238#primaryimage\"},\"thumbnailUrl\":\"https:\\\/\\\/www.tvnetwork.com.br\\\/wp-content\\\/uploads\\\/2024\\\/08\\\/logos-redes-sociais.webp\",\"datePublished\":\"2023-10-06T22:13:12+00:00\",\"dateModified\":\"2024-08-18T21:48:08+00:00\",\"breadcrumb\":{\"@id\":\"https:\\\/\\\/www.tvnetwork.com.br\\\/?page_id=238#breadcrumb\"},\"inLanguage\":\"pt-BR\",\"potentialAction\":[{\"@type\":\"ReadAction\",\"target\":[\"https:\\\/\\\/www.tvnetwork.com.br\\\/?page_id=238\"]}]},{\"@type\":\"ImageObject\",\"inLanguage\":\"pt-BR\",\"@id\":\"https:\\\/\\\/www.tvnetwork.com.br\\\/?page_id=238#primaryimage\",\"url\":\"https:\\\/\\\/www.tvnetwork.com.br\\\/wp-content\\\/uploads\\\/2024\\\/08\\\/logos-redes-sociais.webp\",\"contentUrl\":\"https:\\\/\\\/www.tvnetwork.com.br\\\/wp-content\\\/uploads\\\/2024\\\/08\\\/logos-redes-sociais.webp\",\"width\":1792,\"height\":1024},{\"@type\":\"BreadcrumbList\",\"@id\":\"https:\\\/\\\/www.tvnetwork.com.br\\\/?page_id=238#breadcrumb\",\"itemListElement\":[{\"@type\":\"ListItem\",\"position\":1,\"name\":\"In\u00edcio\",\"item\":\"https:\\\/\\\/www.tvnetwork.com.br\\\/\"},{\"@type\":\"ListItem\",\"position\":2,\"name\":\"Nossos Planos\"}]},{\"@type\":\"WebSite\",\"@id\":\"https:\\\/\\\/www.tvnetwork.com.br\\\/#website\",\"url\":\"https:\\\/\\\/www.tvnetwork.com.br\\\/\",\"name\":\"Tvnetwork Produ\u00e7\u00f5es\",\"description\":\"Mkt e conte\u00fado t\u00e9cnico para Ind\u00fastria, com\u00e9rcio e servi\u00e7os.\",\"publisher\":{\"@id\":\"https:\\\/\\\/www.tvnetwork.com.br\\\/#organization\"},\"potentialAction\":[{\"@type\":\"SearchAction\",\"target\":{\"@type\":\"EntryPoint\",\"urlTemplate\":\"https:\\\/\\\/www.tvnetwork.com.br\\\/?s={search_term_string}\"},\"query-input\":{\"@type\":\"PropertyValueSpecification\",\"valueRequired\":true,\"valueName\":\"search_term_string\"}}],\"inLanguage\":\"pt-BR\"},{\"@type\":\"Organization\",\"@id\":\"https:\\\/\\\/www.tvnetwork.com.br\\\/#organization\",\"name\":\"TvNetwork Produ\u00e7\u00f5es\",\"url\":\"https:\\\/\\\/www.tvnetwork.com.br\\\/\",\"logo\":{\"@type\":\"ImageObject\",\"inLanguage\":\"pt-BR\",\"@id\":\"https:\\\/\\\/www.tvnetwork.com.br\\\/#\\\/schema\\\/logo\\\/image\\\/\",\"url\":\"https:\\\/\\\/www.tvnetwork.com.br\\\/wp-content\\\/uploads\\\/2023\\\/10\\\/tvnetwork1.png\",\"contentUrl\":\"https:\\\/\\\/www.tvnetwork.com.br\\\/wp-content\\\/uploads\\\/2023\\\/10\\\/tvnetwork1.png\",\"width\":234,\"height\":114,\"caption\":\"TvNetwork Produ\u00e7\u00f5es\"},\"image\":{\"@id\":\"https:\\\/\\\/www.tvnetwork.com.br\\\/#\\\/schema\\\/logo\\\/image\\\/\"},\"sameAs\":[\"https:\\\/\\\/www.facebook.com\\\/tvnetworkproducoes\\\/\",\"https:\\\/\\\/www.youtube.com\\\/channel\\\/UCS6dWPkY1E_jMr794yGc5cg?view_as=subscriber\"]}]}<\/script>\n<!-- \/ Yoast SEO plugin. -->","yoast_head_json":{"title":"Nossos Planos - TvNetwork Mkt Digital","robots":{"index":"index","follow":"follow","max-snippet":"max-snippet:-1","max-image-preview":"max-image-preview:large","max-video-preview":"max-video-preview:-1"},"canonical":"https:\/\/www.tvnetwork.com.br\/?page_id=238","og_locale":"pt_BR","og_type":"article","og_title":"Nossos Planos - TvNetwork Mkt Digital","og_description":"Plano B\u00e1sico \u2013 Presen\u00e7a Digital (Campanhas de 4 semanas): Com o Plano B\u00e1sico da TvNetwork MKT Digital, cuidaremos da sua comunica\u00e7\u00e3o e divulga\u00e7\u00e3o durante o per\u00edodo da campanha. Produziremos todo o conte\u00fado necess\u00e1rio, desde v\u00eddeos a postagens em redes sociais, garantindo que sua presen\u00e7a se destaque. Ideal para quem busca [&hellip;]","og_url":"https:\/\/www.tvnetwork.com.br\/?page_id=238","og_site_name":"TvNetwork Mkt Digital","article_publisher":"https:\/\/www.facebook.com\/tvnetworkproducoes\/","article_modified_time":"2024-08-18T21:48:08+00:00","og_image":[{"url":"https:\/\/www.tvnetwork.com.br\/wp-content\/uploads\/2024\/08\/logos-redes-sociais.webp","type":"","width":"","height":""}],"twitter_card":"summary_large_image","twitter_misc":{"Est. tempo de leitura":"3 minutos"},"schema":{"@context":"https:\/\/schema.org","@graph":[{"@type":"WebPage","@id":"https:\/\/www.tvnetwork.com.br\/?page_id=238","url":"https:\/\/www.tvnetwork.com.br\/?page_id=238","name":"Nossos Planos - TvNetwork Mkt Digital","isPartOf":{"@id":"https:\/\/www.tvnetwork.com.br\/#website"},"primaryImageOfPage":{"@id":"https:\/\/www.tvnetwork.com.br\/?page_id=238#primaryimage"},"image":{"@id":"https:\/\/www.tvnetwork.com.br\/?page_id=238#primaryimage"},"thumbnailUrl":"https:\/\/www.tvnetwork.com.br\/wp-content\/uploads\/2024\/08\/logos-redes-sociais.webp","datePublished":"2023-10-06T22:13:12+00:00","dateModified":"2024-08-18T21:48:08+00:00","breadcrumb":{"@id":"https:\/\/www.tvnetwork.com.br\/?page_id=238#breadcrumb"},"inLanguage":"pt-BR","potentialAction":[{"@type":"ReadAction","target":["https:\/\/www.tvnetwork.com.br\/?page_id=238"]}]},{"@type":"ImageObject","inLanguage":"pt-BR","@id":"https:\/\/www.tvnetwork.com.br\/?page_id=238#primaryimage","url":"https:\/\/www.tvnetwork.com.br\/wp-content\/uploads\/2024\/08\/logos-redes-sociais.webp","contentUrl":"https:\/\/www.tvnetwork.com.br\/wp-content\/uploads\/2024\/08\/logos-redes-sociais.webp","width":1792,"height":1024},{"@type":"BreadcrumbList","@id":"https:\/\/www.tvnetwork.com.br\/?page_id=238#breadcrumb","itemListElement":[{"@type":"ListItem","position":1,"name":"In\u00edcio","item":"https:\/\/www.tvnetwork.com.br\/"},{"@type":"ListItem","position":2,"name":"Nossos Planos"}]},{"@type":"WebSite","@id":"https:\/\/www.tvnetwork.com.br\/#website","url":"https:\/\/www.tvnetwork.com.br\/","name":"Tvnetwork Produ\u00e7\u00f5es","description":"Mkt e conte\u00fado t\u00e9cnico para Ind\u00fastria, com\u00e9rcio e servi\u00e7os.","publisher":{"@id":"https:\/\/www.tvnetwork.com.br\/#organization"},"potentialAction":[{"@type":"SearchAction","target":{"@type":"EntryPoint","urlTemplate":"https:\/\/www.tvnetwork.com.br\/?s={search_term_string}"},"query-input":{"@type":"PropertyValueSpecification","valueRequired":true,"valueName":"search_term_string"}}],"inLanguage":"pt-BR"},{"@type":"Organization","@id":"https:\/\/www.tvnetwork.com.br\/#organization","name":"TvNetwork Produ\u00e7\u00f5es","url":"https:\/\/www.tvnetwork.com.br\/","logo":{"@type":"ImageObject","inLanguage":"pt-BR","@id":"https:\/\/www.tvnetwork.com.br\/#\/schema\/logo\/image\/","url":"https:\/\/www.tvnetwork.com.br\/wp-content\/uploads\/2023\/10\/tvnetwork1.png","contentUrl":"https:\/\/www.tvnetwork.com.br\/wp-content\/uploads\/2023\/10\/tvnetwork1.png","width":234,"height":114,"caption":"TvNetwork Produ\u00e7\u00f5es"},"image":{"@id":"https:\/\/www.tvnetwork.com.br\/#\/schema\/logo\/image\/"},"sameAs":["https:\/\/www.facebook.com\/tvnetworkproducoes\/","https:\/\/www.youtube.com\/channel\/UCS6dWPkY1E_jMr794yGc5cg?view_as=subscriber"]}]}},"_links":{"self":[{"href":"https:\/\/www.tvnetwork.com.br\/index.php?rest_route=\/wp\/v2\/pages\/238","targetHints":{"allow":["GET"]}}],"collection":[{"href":"https:\/\/www.tvnetwork.com.br\/index.php?rest_route=\/wp\/v2\/pages"}],"about":[{"href":"https:\/\/www.tvnetwork.com.br\/index.php?rest_route=\/wp\/v2\/types\/page"}],"author":[{"embeddable":true,"href":"https:\/\/www.tvnetwork.com.br\/index.php?rest_route=\/wp\/v2\/users\/1"}],"replies":[{"embeddable":true,"href":"https:\/\/www.tvnetwork.com.br\/index.php?rest_route=%2Fwp%2Fv2%2Fcomments&post=238"}],"version-history":[{"count":9,"href":"https:\/\/www.tvnetwork.com.br\/index.php?rest_route=\/wp\/v2\/pages\/238\/revisions"}],"predecessor-version":[{"id":332,"href":"https:\/\/www.tvnetwork.com.br\/index.php?rest_route=\/wp\/v2\/pages\/238\/revisions\/332"}],"wp:attachment":[{"href":"https:\/\/www.tvnetwork.com.br\/index.php?rest_route=%2Fwp%2Fv2%2Fmedia&parent=238"}],"curies":[{"name":"wp","href":"https:\/\/api.w.org\/{rel}","templated":true}]}}